{"id":45,"date":"2015-07-22T18:30:22","date_gmt":"2015-07-22T15:30:22","guid":{"rendered":"http:\/\/thematicwebs.com\/demo\/wp\/haus\/?page_id=45"},"modified":"2023-10-07T19:14:52","modified_gmt":"2023-10-07T16:14:52","slug":"iletisim","status":"publish","type":"page","link":"http:\/\/hattasarim.com\/index.php\/iletisim\/","title":{"rendered":"<b>\u0130leti\u015fim<\/b>"},"content":{"rendered":"<section class=\" general-row\"  >\n\t\t<div class=\"wpb_column \">\n\t\t<!-- SECTION: contact infos -->\n<div class=\"section-contact-infos\">\n\t<div class=\"container\">\n\t\t<div class=\"row\">\n\t\t\t\t\t\t<!-- col -->\n\t\t\t<div class=\"col-sm-6 contact-infos-title-wrapper\">\n\t\t\t\t<div class=\"contact-infos-col\">\n\t\t\t\t\t<h2 class=\"title1\">\u0130LET\u0130\u015e\u0130M DETAYLARI :<\/h2>\n\t\t\t\t<\/div>\t\t\t\t\t\n\t\t\t<\/div>\n\t\t\t<!-- \/col -->\n\t\t\t\t\t\t<!-- col -->\n\t\t\t<div class=\"col-sm-3\">\n\t\t\t\t<div class=\"contact-infos-col\">\n\t\t\t\t\t<h3 class=\"title4\">Hat Tasar\u0131m \u0130\u00e7 Mimarl\u0131k \u0130n\u015faat Taahh\u00fct Sanayi Ticaret LTD \u015eT\u0130<\/h3>\n\t\t\t\t\t<p>E\u011e\u0130T\u0130M MAHALLES\u0130 , S\u0130GORTA EVLER\u0130 SOKAK SEVG\u0130L\u0130 APARTMANI NO : 3\/B KADIK\u00d6Y \u0130STANBUL<\/p>\n\t\t\t\t\t<p>ofis tel: +90 (216) 467 01 25 ofis fax: +90 (216) 467 01 26<\/p>\n\t\t\t\t\t<p>info@hattasarim.com hattasarim@hotmail.com<\/p>\n\t\t\t\t<\/div>\t\t\t\t\t\n\t\t\t<\/div>\n\t\t\t<!-- \/col -->\n\t\t\t\t\t\t<!-- col -->\n\t\t\t<div class=\"col-sm-3\">\n\t\t\t\t<div class=\"contact-infos-col\">\n\t\t\t\t\t<h3 class=\"title4\">B\u0130Z\u0130 TAK\u0130P ED\u0130N :<\/h3>\n\t\t\t\t\t<ul class=\"clean-list\">\n\t\t\t\t\t\t<li><a href=\"#\">facebook<\/a><\/li>\n\t\t\t\t\t\t<li><a href=\"#\">twitter<\/a><\/li>\n\t\t\t\t\t\t<li><a href=\"\"><\/a><\/li>\n\t\t\t\t\t<\/ul>\t\n\t\t\t\t<\/div>\t\t\t\t\t\t\t\t\t\n\t\t\t<\/div>\n\t\t\t<!-- \/col -->\n\t\t\t\t\t<\/div>\n\t<\/div>\n<\/div>\n<!-- \/SECTION: contact infos -->\n\t \n<!-- contact form -->\n<div class=\"container section-contact-form\">\n\t<div class=\"row\">\t\t\n\t\t<div class=\"col-sm-4\">\n\t\t\t<!-- Section Title -->\n\t\t\t\t\t\t<h2 class=\"title2 title-border title-section\">Bize Yaz\u0131n<\/h2>\n\t\t\t\t\t\t<!-- \/Section Title -->\n\t\t<\/div>\t\n\t\t<!-- Right Column -->\n\t\t<div class=\"col-sm-8\">\n\t\t\t<!-- Contact Form -->\n\t\t\t<form action=\"http:\/\/hattasarim.com\/wp-admin\/admin-ajax.php?action=_sh_ajax_callback&#038;subaction=sh_contact_form_submit\" method=\"post\" id=\"contactForm\" class=\"form\" data-wow-duration=\"1s\" role=\"form\"> \n\t\t\t\t<!-- Form Field -->        \n\t\t\t\t<div class=\"form-group\">\n\t\t\t\t\t<input class=\"form-control\" id=\"name\" name=\"contact_name\" placeholder=\"Name\" type=\"text\" required\/>\n\t\t\t\t<\/div>   \n\t\t\t\t<!-- \/Form Field -->   \n\t\t\t\t<div class=\"row\">\n\t\t\t\t\t<div class=\"col-md-6\">\n\t\t\t\t\t\t<!-- item -->            \n\t\t\t\t\t\t<div class=\"form-group\">\n\t\t\t\t\t\t\t <input class=\"form-control\" id=\"email\" name=\"contact_email\" placeholder=\"Email\" type=\"email\" required \/>\n\t\t\t\t\t\t<\/div>    \n\t\t\t\t\t\t<!-- \/item -->\n\t\t\t\t\t<\/div>\n\t\t\t\t\t<div class=\"col-md-6\">\n\t\t\t\t\t\t<!-- item -->            \n\t\t\t\t\t\t<div class=\"form-group\">\n\t\t\t\t\t\t\t<input class=\"form-control\" id=\"subject\" type=\"text\" name=\"contact_subject\" placeholder=\"Subject\" required>\n\t\t\t\t\t\t<\/div>    \n\t\t\t\t\t\t<!-- \/item -->\n\t\t\t\t\t<\/div>\n\t\t\t\t<\/div>  \t\t\t\t\t\t          \n\t\t\t\t<!-- Form Field -->                 \n\t\t\t\t<div class=\"form-group\"> \n\t\t\t\t\t <textarea class=\"form-control\" id=\"message\" name=\"contact_message\" placeholder=\"Message\" required><\/textarea>\n\t\t\t\t<\/div>    \n\t\t\t\t<!-- \/Form Field -->           \n\t\t\t\t<!-- Form Field -->  \n\t\t\t\t<div class=\"form-group form-send\">\n\t\t\t\t\t<button type=\"submit\" id=\"contact_form_submit\" name=\"contact_submit\" class=\"btn btn-form btn2\">\n\t\t\t\t\t\t<span class=\"fa fa fa-paper-plane\"> &nbsp;<\/span>\n\t\t\t\t\t\tG\u00d6NDER\t\t\t\t\t<\/button>\n\t\t\t\t<\/div>  \n\t\t\t\t\n\t\t\t\t<div class=\"msgs\"><!-- Validation Message here --><\/div> \n\t\t\t\t<!-- \/Form Field -->                  \n\t\t\t<\/form>\t\n\t\t\t<script>\n\t\t\t   jQuery(document).ready(function($) {\n\t\t\t\t$('#contactForm').live('submit', function(e){\n\t\t\t\t\n\t\t\t\t e.preventDefault();\n\t\t\t\t var thisform = this;\n\t\t\t\t var fields = $(this).serialize();\n\t\t\t\t var url= $(this).attr('action');\n\t\t\t\t \/\/alert(url);\n\t\t\t\t $.ajax({\n\t\t\t\t  url: url,\n\t\t\t\t  type: 'POST',\n\t\t\t\t  data: fields,\n\t\t\t\t  success:function(res){\n\t\t\t\t   \/\/salert(res);\n\t\t\t\t   $('.msgs', thisform).html(res);\n\t\t\t\t  }\n\t\t\t\t });\n\t\t\t\t});\n\t\t\t\t\n\t\t\t   \n\t\t\t   });\n\t\t\t<\/script>\n\t\t<\/div>\n\t\t<!-- \/Right Column -->\n\t<\/div>\n<\/div>\n\n\t<\/div>\n\n\t<div class=\"clearfix\"><\/div>\n\t<\/section>\n\t\n<section class=\" general-row\"  >\n\t\t<div class=\"wpb_column \">\n\t\t<div class=\"wpb_gmaps_widget wpb_content_element\">\n\t<div class=\"wpb_wrapper\">\n\t<div class=\"wpb_map_wraper\">\n\t\t<iframe src=\"https:\/\/www.google.com\/maps\/embed?pb=!1m14!1m8!1m3!1d12047.113529373215!2d29.0489151!3d40.9863334!3m2!1i1024!2i768!4f13.1!3m3!1m2!1s0x0%3A0x425c5efd847ded1f!2zSEFUIFRBU0FSSU0gxLDDhyBNxLBNQVJMSUs!5e0!3m2!1str!2str!4v1601907848680!5m2!1str!2str\" width=\"600\" height=\"450\" frameborder=\"0\" style=\"border:0;\" allowfullscreen=\"\" aria-hidden=\"false\" tabindex=\"0\"><\/iframe>\t<\/div>\n\t<\/div>\t<\/div>\n\t<\/div>\n\n\t<div class=\"clearfix\"><\/div>\n\t<\/section>\n","protected":false},"excerpt":{"rendered":"\u0130LET\u0130\u015e\u0130M DETAYLARI : Hat Tasar\u0131m \u0130\u00e7 Mimarl\u0131k \u0130n\u015faat Taahh\u00fct Sanayi Ticaret LTD \u015eT\u0130 E\u011e\u0130T\u0130M MAHALLES\u0130 , S\u0130GORTA EVLER\u0130 SOKAK SEVG\u0130L\u0130 APARTMANI NO : 3\/B KADIK\u00d6Y \u0130STANBUL ofis tel: +90 (216) 467 01 25 ofis fax: +90 (216) 467 01 26 info@hattasarim.com hattasarim@hotmail.com B\u0130Z\u0130 TAK\u0130P ED\u0130N : facebook twitter Bize Yaz\u0131n &nbsp; G\u00d6NDER jQuery(document).ready(function($) { $('#contactForm').live('submit', [...]","protected":false},"author":1,"featured_media":0,"parent":0,"menu_order":0,"comment_status":"open","ping_status":"closed","template":"","meta":[],"_links":{"self":[{"href":"http:\/\/hattasarim.com\/index.php\/wp-json\/wp\/v2\/pages\/45"}],"collection":[{"href":"http:\/\/hattasarim.com\/index.php\/wp-json\/wp\/v2\/pages"}],"about":[{"href":"http:\/\/hattasarim.com\/index.php\/wp-json\/wp\/v2\/types\/page"}],"author":[{"embeddable":true,"href":"http:\/\/hattasarim.com\/index.php\/wp-json\/wp\/v2\/users\/1"}],"replies":[{"embeddable":true,"href":"http:\/\/hattasarim.com\/index.php\/wp-json\/wp\/v2\/comments?post=45"}],"version-history":[{"count":21,"href":"http:\/\/hattasarim.com\/index.php\/wp-json\/wp\/v2\/pages\/45\/revisions"}],"predecessor-version":[{"id":439,"href":"http:\/\/hattasarim.com\/index.php\/wp-json\/wp\/v2\/pages\/45\/revisions\/439"}],"wp:attachment":[{"href":"http:\/\/hattasarim.com\/index.php\/wp-json\/wp\/v2\/media?parent=45"}],"curies":[{"name":"wp","href":"https:\/\/api.w.org\/{rel}","templated":true}]}}