{"id":47,"date":"2015-07-22T18:34:55","date_gmt":"2015-07-22T15:34:55","guid":{"rendered":"http:\/\/thematicwebs.com\/demo\/wp\/haus\/?page_id=47"},"modified":"2021-11-02T15:36:14","modified_gmt":"2021-11-02T12:36:14","slug":"projelerimiz","status":"publish","type":"page","link":"https:\/\/hattasarim.com\/","title":{"rendered":"<b>Projelerimiz<\/b>"},"content":{"rendered":"<section class=\" general-row\"  >\n\t\t<div class=\"wpb_column \">\n\t\t\n    <!-- Categories -->\n    \t<div class=\"section-categories\">\n\t\t<div class=\"container\" id=\"projects-filter-header\">\n\t\t\t<span class=\"section-categories-title\">Se\u00e7in:  <\/span>\n\t\t\t<a href=\"#\" class=\"category-item\" data-filter=\"project-item\">All<\/a>\n            \t\t\t<a href=\"#\" class=\"category-item\" data-filter=\"3d-tasarimlar\">3d-tasarimlar<\/a>\n            \t\t\t<a href=\"#\" class=\"category-item\" data-filter=\"konsept-tasarim-ve-uygulama-projeleri\">konsept-tasarim-ve-uygulama-projeleri<\/a>\n            \t\t\t<a href=\"#\" class=\"category-item\" data-filter=\"insaat-taahhut-projeleri\">insaat-taahhut-projeleri<\/a>\n            \t\t\t<a href=\"#\" class=\"category-item\" data-filter=\"ticari-mekan-projeleri\">ticari-mekan-projeleri<\/a>\n            \t\t\t\n\t\t<\/div>\n\t<\/div>\n    \t<!-- Categories -->\n\n\t<!-- Section: Projects -->\n\t<div class=\"section-projects\">\n\t\t<div class=\"container\">\n\t\t\t<!-- Projects list -->\n\t\t\t<div class=\"projects-list row\" id=\"projects-filter\">\n\t\t\t\t<!-- item -->\n                \n                                \n                \n                \n\t\t\t\t<div class=\"project-item  insaat-taahhut-projeleri ticari-mekan-projeleri\">\n\t\t\t\t\t<a href=\"https:\/\/hattasarim.com\/index.php\/sh_projects\/murat-denizcilik-tuzla\/\" class=\"project-thumbnail click-fade\" style=\"background-image: url('https:\/\/hattasarim.com\/wp-content\/uploads\/2026\/02\/WhatsApp-Image-2026-02-25-at-13.38.25.jpeg');\">\n\t\t\t\t\t\t<!-- project-description -->\n\t\t\t\t\t\t<div class=\"project-description-wrapper\">\n\t\t\t\t\t\t\t<div class=\"project-description\">\n\t\t\t\t\t\t\t\t<!-- project name -->\n\t\t\t\t\t\t\t\t<h2 class=\"project-title\"><b>TUZLA MURAT DEN\u0130ZC\u0130L\u0130K<\/b><\/h2>\n\t\t\t\t\t\t\t\t<!-- \/project name -->\n\t\t\t\t\t\t\t\t                                <span class=\"see-more\">\n                                \u0130N\u015eAAT TAAHH\u00dcT PROJELER\u0130, T\u0130CAR\u0130 MEKAN PROJELER\u0130\t\t\t\t\t\t\t\t<\/span>\n                                \t\t\t\t\t\t\t<\/div>\n\t\t\t\t\t\t<\/div>\n\t\t\t\t\t\t<!-- \/project-description -->\n\t\t\t\t\t<\/a>\n\t\t\t\t<\/div>\n\t\t\t\t<!-- \/item -->\n\t\t\t\t\t                 \n                \n                \n\t\t\t\t<div class=\"project-item  konsept-tasarim-ve-uygulama-projeleri insaat-taahhut-projeleri\">\n\t\t\t\t\t<a href=\"https:\/\/hattasarim.com\/index.php\/sh_projects\/goztepe-hasan-bey-apartmani\/\" class=\"project-thumbnail click-fade\" style=\"background-image: url('https:\/\/hattasarim.com\/wp-content\/uploads\/2026\/02\/IMG_6073-scaled.jpg');\">\n\t\t\t\t\t\t<!-- project-description -->\n\t\t\t\t\t\t<div class=\"project-description-wrapper\">\n\t\t\t\t\t\t\t<div class=\"project-description\">\n\t\t\t\t\t\t\t\t<!-- project name -->\n\t\t\t\t\t\t\t\t<h2 class=\"project-title\"><b>G\u00d6ZTEPE HASAN BEY APARTMANI <\/b><\/h2>\n\t\t\t\t\t\t\t\t<!-- \/project name -->\n\t\t\t\t\t\t\t\t                                <span class=\"see-more\">\n                                ANAHTAR TESL\u0130M KONUT PROJELER\u0130, \u0130N\u015eAAT TAAHH\u00dcT PROJELER\u0130\t\t\t\t\t\t\t\t<\/span>\n                                \t\t\t\t\t\t\t<\/div>\n\t\t\t\t\t\t<\/div>\n\t\t\t\t\t\t<!-- \/project-description -->\n\t\t\t\t\t<\/a>\n\t\t\t\t<\/div>\n\t\t\t\t<!-- \/item -->\n\t\t\t\t\t                 \n                \n                \n\t\t\t\t<div class=\"project-item  konsept-tasarim-ve-uygulama-projeleri insaat-taahhut-projeleri\">\n\t\t\t\t\t<a href=\"https:\/\/hattasarim.com\/index.php\/sh_projects\/erenkoy-sen-apartmani\/\" class=\"project-thumbnail click-fade\" style=\"background-image: url('https:\/\/hattasarim.com\/wp-content\/uploads\/2026\/02\/IMG_6062-scaled.jpg');\">\n\t\t\t\t\t\t<!-- project-description -->\n\t\t\t\t\t\t<div class=\"project-description-wrapper\">\n\t\t\t\t\t\t\t<div class=\"project-description\">\n\t\t\t\t\t\t\t\t<!-- project name -->\n\t\t\t\t\t\t\t\t<h2 class=\"project-title\"><b>ERENK\u00d6Y \u015eEN APARTMANI <\/b><\/h2>\n\t\t\t\t\t\t\t\t<!-- \/project name -->\n\t\t\t\t\t\t\t\t                                <span class=\"see-more\">\n                                ANAHTAR TESL\u0130M KONUT PROJELER\u0130, \u0130N\u015eAAT TAAHH\u00dcT PROJELER\u0130\t\t\t\t\t\t\t\t<\/span>\n                                \t\t\t\t\t\t\t<\/div>\n\t\t\t\t\t\t<\/div>\n\t\t\t\t\t\t<!-- \/project-description -->\n\t\t\t\t\t<\/a>\n\t\t\t\t<\/div>\n\t\t\t\t<!-- \/item -->\n\t\t\t\t\t                 \n                \n                \n\t\t\t\t<div class=\"project-item  insaat-taahhut-projeleri\">\n\t\t\t\t\t<a href=\"https:\/\/hattasarim.com\/index.php\/sh_projects\/kaptan-recep-paylan-lisesi\/\" class=\"project-thumbnail click-fade\" style=\"background-image: url('https:\/\/hattasarim.com\/wp-content\/uploads\/2026\/02\/IMG_6052-scaled.jpg');\">\n\t\t\t\t\t\t<!-- project-description -->\n\t\t\t\t\t\t<div class=\"project-description-wrapper\">\n\t\t\t\t\t\t\t<div class=\"project-description\">\n\t\t\t\t\t\t\t\t<!-- project name -->\n\t\t\t\t\t\t\t\t<h2 class=\"project-title\"><b>KAPTAN RECEP PAYLAN L\u0130SES\u0130<\/b><\/h2>\n\t\t\t\t\t\t\t\t<!-- \/project name -->\n\t\t\t\t\t\t\t\t                                <span class=\"see-more\">\n                                \u0130N\u015eAAT TAAHH\u00dcT PROJELER\u0130\t\t\t\t\t\t\t\t<\/span>\n                                \t\t\t\t\t\t\t<\/div>\n\t\t\t\t\t\t<\/div>\n\t\t\t\t\t\t<!-- \/project-description -->\n\t\t\t\t\t<\/a>\n\t\t\t\t<\/div>\n\t\t\t\t<!-- \/item -->\n\t\t\t\t\t                 \n                \n                \n\t\t\t\t<div class=\"project-item  3d-tasarimlar insaat-taahhut-projeleri ticari-mekan-projeleri\">\n\t\t\t\t\t<a href=\"https:\/\/hattasarim.com\/index.php\/sh_projects\/rize-simal-avm-projesi\/\" class=\"project-thumbnail click-fade\" style=\"background-image: url('https:\/\/hattasarim.com\/wp-content\/uploads\/2021\/11\/53.jpg');\">\n\t\t\t\t\t\t<!-- project-description -->\n\t\t\t\t\t\t<div class=\"project-description-wrapper\">\n\t\t\t\t\t\t\t<div class=\"project-description\">\n\t\t\t\t\t\t\t\t<!-- project name -->\n\t\t\t\t\t\t\t\t<h2 class=\"project-title\"><b>R\u0130ZE \u015e\u0130MAL AVM PROJES\u0130<\/b><\/h2>\n\t\t\t\t\t\t\t\t<!-- \/project name -->\n\t\t\t\t\t\t\t\t                                <span class=\"see-more\">\n                                3D TASARIMLAR, \u0130N\u015eAAT TAAHH\u00dcT PROJELER\u0130\t\t\t\t\t\t\t\t<\/span>\n                                \t\t\t\t\t\t\t<\/div>\n\t\t\t\t\t\t<\/div>\n\t\t\t\t\t\t<!-- \/project-description -->\n\t\t\t\t\t<\/a>\n\t\t\t\t<\/div>\n\t\t\t\t<!-- \/item -->\n\t\t\t\t\t                 \n                \n                \n\t\t\t\t<div class=\"project-item  insaat-taahhut-projeleri ticari-mekan-projeleri\">\n\t\t\t\t\t<a href=\"https:\/\/hattasarim.com\/index.php\/sh_projects\/misir-avm-projesi\/\" class=\"project-thumbnail click-fade\" style=\"background-image: url('https:\/\/hattasarim.com\/wp-content\/uploads\/2021\/11\/4.jpg');\">\n\t\t\t\t\t\t<!-- project-description -->\n\t\t\t\t\t\t<div class=\"project-description-wrapper\">\n\t\t\t\t\t\t\t<div class=\"project-description\">\n\t\t\t\t\t\t\t\t<!-- project name -->\n\t\t\t\t\t\t\t\t<h2 class=\"project-title\"><b>MISIR AVM PROJES\u0130<\/b><\/h2>\n\t\t\t\t\t\t\t\t<!-- \/project name -->\n\t\t\t\t\t\t\t\t                                <span class=\"see-more\">\n                                \u0130N\u015eAAT TAAHH\u00dcT PROJELER\u0130, T\u0130CAR\u0130 MEKAN PROJELER\u0130\t\t\t\t\t\t\t\t<\/span>\n                                \t\t\t\t\t\t\t<\/div>\n\t\t\t\t\t\t<\/div>\n\t\t\t\t\t\t<!-- \/project-description -->\n\t\t\t\t\t<\/a>\n\t\t\t\t<\/div>\n\t\t\t\t<!-- \/item -->\n\t\t\t\t\t                 \n                \n                \n\t\t\t\t<div class=\"project-item  3d-tasarimlar konsept-tasarim-ve-uygulama-projeleri insaat-taahhut-projeleri\">\n\t\t\t\t\t<a href=\"https:\/\/hattasarim.com\/index.php\/sh_projects\/camlibelde-villa-projesi\/\" class=\"project-thumbnail click-fade\" style=\"background-image: url('https:\/\/hattasarim.com\/wp-content\/uploads\/2021\/11\/F\u0130NAL1.jpg');\">\n\t\t\t\t\t\t<!-- project-description -->\n\t\t\t\t\t\t<div class=\"project-description-wrapper\">\n\t\t\t\t\t\t\t<div class=\"project-description\">\n\t\t\t\t\t\t\t\t<!-- project name -->\n\t\t\t\t\t\t\t\t<h2 class=\"project-title\"><b>\u00c7AMLIBELDE V\u0130LLA PROJES\u0130<\/b><\/h2>\n\t\t\t\t\t\t\t\t<!-- \/project name -->\n\t\t\t\t\t\t\t\t                                <span class=\"see-more\">\n                                3D TASARIMLAR, ANAHTAR TESL\u0130M KONUT PROJELER\u0130\t\t\t\t\t\t\t\t<\/span>\n                                \t\t\t\t\t\t\t<\/div>\n\t\t\t\t\t\t<\/div>\n\t\t\t\t\t\t<!-- \/project-description -->\n\t\t\t\t\t<\/a>\n\t\t\t\t<\/div>\n\t\t\t\t<!-- \/item -->\n\t\t\t\t\t                 \n                \n                \n\t\t\t\t<div class=\"project-item  insaat-taahhut-projeleri ticari-mekan-projeleri\">\n\t\t\t\t\t<a href=\"https:\/\/hattasarim.com\/index.php\/sh_projects\/emlak-konus-spor-klubu-idari-binasi-projesi\/\" class=\"project-thumbnail click-fade\" style=\"background-image: url('https:\/\/hattasarim.com\/wp-content\/uploads\/2021\/11\/4-F\u0130NAL.jpg');\">\n\t\t\t\t\t\t<!-- project-description -->\n\t\t\t\t\t\t<div class=\"project-description-wrapper\">\n\t\t\t\t\t\t\t<div class=\"project-description\">\n\t\t\t\t\t\t\t\t<!-- project name -->\n\t\t\t\t\t\t\t\t<h2 class=\"project-title\"><b>EMLAK KONUT SPOR KUL\u00dcB\u00dc \u0130DAR\u0130 B\u0130NASI PROJES\u0130<\/b><\/h2>\n\t\t\t\t\t\t\t\t<!-- \/project name -->\n\t\t\t\t\t\t\t\t                                <span class=\"see-more\">\n                                \u0130N\u015eAAT TAAHH\u00dcT PROJELER\u0130, T\u0130CAR\u0130 MEKAN PROJELER\u0130\t\t\t\t\t\t\t\t<\/span>\n                                \t\t\t\t\t\t\t<\/div>\n\t\t\t\t\t\t<\/div>\n\t\t\t\t\t\t<!-- \/project-description -->\n\t\t\t\t\t<\/a>\n\t\t\t\t<\/div>\n\t\t\t\t<!-- \/item -->\n\t\t\t\t\t                 \n                \n                \n\t\t\t\t<div class=\"project-item  ticari-mekan-projeleri\">\n\t\t\t\t\t<a href=\"https:\/\/hattasarim.com\/index.php\/sh_projects\/istanbul-harbiye-otel-projesi\/\" class=\"project-thumbnail click-fade\" style=\"background-image: url('https:\/\/hattasarim.com\/wp-content\/uploads\/2021\/11\/42.jpg');\">\n\t\t\t\t\t\t<!-- project-description -->\n\t\t\t\t\t\t<div class=\"project-description-wrapper\">\n\t\t\t\t\t\t\t<div class=\"project-description\">\n\t\t\t\t\t\t\t\t<!-- project name -->\n\t\t\t\t\t\t\t\t<h2 class=\"project-title\"><b>\u0130STANBUL HARB\u0130YE OTEL PROJES\u0130<\/b><\/h2>\n\t\t\t\t\t\t\t\t<!-- \/project name -->\n\t\t\t\t\t\t\t\t                                <span class=\"see-more\">\n                                T\u0130CAR\u0130 MEKAN PROJELER\u0130\t\t\t\t\t\t\t\t<\/span>\n                                \t\t\t\t\t\t\t<\/div>\n\t\t\t\t\t\t<\/div>\n\t\t\t\t\t\t<!-- \/project-description -->\n\t\t\t\t\t<\/a>\n\t\t\t\t<\/div>\n\t\t\t\t<!-- \/item -->\n\t\t\t\t\t                 \n                \n                \n\t\t\t\t<div class=\"project-item  insaat-taahhut-projeleri ticari-mekan-projeleri\">\n\t\t\t\t\t<a href=\"https:\/\/hattasarim.com\/index.php\/sh_projects\/conrad-hotel-tennis-lounge-projesi\/\" class=\"project-thumbnail click-fade\" style=\"background-image: url('https:\/\/hattasarim.com\/wp-content\/uploads\/2021\/11\/6-F\u0130NAL-.jpg');\">\n\t\t\t\t\t\t<!-- project-description -->\n\t\t\t\t\t\t<div class=\"project-description-wrapper\">\n\t\t\t\t\t\t\t<div class=\"project-description\">\n\t\t\t\t\t\t\t\t<!-- project name -->\n\t\t\t\t\t\t\t\t<h2 class=\"project-title\"><b>\u0130STANBUL BE\u015e\u0130KTA\u015e TEN\u0130S KORTLARI OF\u0130S PROJES\u0130<\/b><\/h2>\n\t\t\t\t\t\t\t\t<!-- \/project name -->\n\t\t\t\t\t\t\t\t                                <span class=\"see-more\">\n                                \u0130N\u015eAAT TAAHH\u00dcT PROJELER\u0130, T\u0130CAR\u0130 MEKAN PROJELER\u0130\t\t\t\t\t\t\t\t<\/span>\n                                \t\t\t\t\t\t\t<\/div>\n\t\t\t\t\t\t<\/div>\n\t\t\t\t\t\t<!-- \/project-description -->\n\t\t\t\t\t<\/a>\n\t\t\t\t<\/div>\n\t\t\t\t<!-- \/item -->\n\t\t\t\t\t                 \n                \n                \n\t\t\t\t<div class=\"project-item  3d-tasarimlar insaat-taahhut-projeleri ticari-mekan-projeleri\">\n\t\t\t\t\t<a href=\"https:\/\/hattasarim.com\/index.php\/sh_projects\/kayasehir-hosdere-kafe-projesi\/\" class=\"project-thumbnail click-fade\" style=\"background-image: url('https:\/\/hattasarim.com\/wp-content\/uploads\/2021\/11\/RENDER1.jpg');\">\n\t\t\t\t\t\t<!-- project-description -->\n\t\t\t\t\t\t<div class=\"project-description-wrapper\">\n\t\t\t\t\t\t\t<div class=\"project-description\">\n\t\t\t\t\t\t\t\t<!-- project name -->\n\t\t\t\t\t\t\t\t<h2 class=\"project-title\"><b>KAYA\u015eEH\u0130R &#038; HO\u015eDERE KAFE PROJES\u0130<\/b><\/h2>\n\t\t\t\t\t\t\t\t<!-- \/project name -->\n\t\t\t\t\t\t\t\t                                <span class=\"see-more\">\n                                3D TASARIMLAR, \u0130N\u015eAAT TAAHH\u00dcT PROJELER\u0130\t\t\t\t\t\t\t\t<\/span>\n                                \t\t\t\t\t\t\t<\/div>\n\t\t\t\t\t\t<\/div>\n\t\t\t\t\t\t<!-- \/project-description -->\n\t\t\t\t\t<\/a>\n\t\t\t\t<\/div>\n\t\t\t\t<!-- \/item -->\n\t\t\t\t\t                 \n                \n                \n\t\t\t\t<div class=\"project-item  3d-tasarimlar konsept-tasarim-ve-uygulama-projeleri insaat-taahhut-projeleri\">\n\t\t\t\t\t<a href=\"https:\/\/hattasarim.com\/index.php\/sh_projects\/otagtepe-kosk-projesi\/\" class=\"project-thumbnail click-fade\" style=\"background-image: url('https:\/\/hattasarim.com\/wp-content\/uploads\/2021\/11\/F\u0130NAL2.jpg');\">\n\t\t\t\t\t\t<!-- project-description -->\n\t\t\t\t\t\t<div class=\"project-description-wrapper\">\n\t\t\t\t\t\t\t<div class=\"project-description\">\n\t\t\t\t\t\t\t\t<!-- project name -->\n\t\t\t\t\t\t\t\t<h2 class=\"project-title\"><b>OTA\u011eTEPE K\u00d6\u015eK PROJES\u0130<\/b><\/h2>\n\t\t\t\t\t\t\t\t<!-- \/project name -->\n\t\t\t\t\t\t\t\t                                <span class=\"see-more\">\n                                3D TASARIMLAR, ANAHTAR TESL\u0130M KONUT PROJELER\u0130\t\t\t\t\t\t\t\t<\/span>\n                                \t\t\t\t\t\t\t<\/div>\n\t\t\t\t\t\t<\/div>\n\t\t\t\t\t\t<!-- \/project-description -->\n\t\t\t\t\t<\/a>\n\t\t\t\t<\/div>\n\t\t\t\t<!-- \/item -->\n\t\t\t\t\t                 \n                \n                \n\t\t\t\t<div class=\"project-item  insaat-taahhut-projeleri ticari-mekan-projeleri\">\n\t\t\t\t\t<a href=\"https:\/\/hattasarim.com\/index.php\/sh_projects\/erkal-idari-bina-projesi\/\" class=\"project-thumbnail click-fade\" style=\"background-image: url('https:\/\/hattasarim.com\/wp-content\/uploads\/2021\/11\/18.jpg');\">\n\t\t\t\t\t\t<!-- project-description -->\n\t\t\t\t\t\t<div class=\"project-description-wrapper\">\n\t\t\t\t\t\t\t<div class=\"project-description\">\n\t\t\t\t\t\t\t\t<!-- project name -->\n\t\t\t\t\t\t\t\t<h2 class=\"project-title\"><b>ERKAL \u0130DAR\u0130 B\u0130NA PROJES\u0130<\/b><\/h2>\n\t\t\t\t\t\t\t\t<!-- \/project name -->\n\t\t\t\t\t\t\t\t                                <span class=\"see-more\">\n                                \u0130N\u015eAAT TAAHH\u00dcT PROJELER\u0130, T\u0130CAR\u0130 MEKAN PROJELER\u0130\t\t\t\t\t\t\t\t<\/span>\n                                \t\t\t\t\t\t\t<\/div>\n\t\t\t\t\t\t<\/div>\n\t\t\t\t\t\t<!-- \/project-description -->\n\t\t\t\t\t<\/a>\n\t\t\t\t<\/div>\n\t\t\t\t<!-- \/item -->\n\t\t\t\t\t                 \n                \n                \n\t\t\t\t<div class=\"project-item  3d-tasarimlar ticari-mekan-projeleri\">\n\t\t\t\t\t<a href=\"https:\/\/hattasarim.com\/index.php\/sh_projects\/navtek-ofis-projesi\/\" class=\"project-thumbnail click-fade\" style=\"background-image: url('https:\/\/hattasarim.com\/wp-content\/uploads\/2021\/11\/F\u0130NAL4.jpg');\">\n\t\t\t\t\t\t<!-- project-description -->\n\t\t\t\t\t\t<div class=\"project-description-wrapper\">\n\t\t\t\t\t\t\t<div class=\"project-description\">\n\t\t\t\t\t\t\t\t<!-- project name -->\n\t\t\t\t\t\t\t\t<h2 class=\"project-title\"><b>NAVTEK OF\u0130S PROJES\u0130<\/b><\/h2>\n\t\t\t\t\t\t\t\t<!-- \/project name -->\n\t\t\t\t\t\t\t\t                                <span class=\"see-more\">\n                                3D TASARIMLAR, T\u0130CAR\u0130 MEKAN PROJELER\u0130\t\t\t\t\t\t\t\t<\/span>\n                                \t\t\t\t\t\t\t<\/div>\n\t\t\t\t\t\t<\/div>\n\t\t\t\t\t\t<!-- \/project-description -->\n\t\t\t\t\t<\/a>\n\t\t\t\t<\/div>\n\t\t\t\t<!-- \/item -->\n\t\t\t\t\t                 \n                \n                \n\t\t\t\t<div class=\"project-item  3d-tasarimlar insaat-taahhut-projeleri\">\n\t\t\t\t\t<a href=\"https:\/\/hattasarim.com\/index.php\/sh_projects\/gisbir-ortaokulu\/\" class=\"project-thumbnail click-fade\" style=\"background-image: url('https:\/\/hattasarim.com\/wp-content\/uploads\/2021\/11\/RENDER4.jpg');\">\n\t\t\t\t\t\t<!-- project-description -->\n\t\t\t\t\t\t<div class=\"project-description-wrapper\">\n\t\t\t\t\t\t\t<div class=\"project-description\">\n\t\t\t\t\t\t\t\t<!-- project name -->\n\t\t\t\t\t\t\t\t<h2 class=\"project-title\"><b>G\u0130SB\u0130R ORTAOKULU<\/b><\/h2>\n\t\t\t\t\t\t\t\t<!-- \/project name -->\n\t\t\t\t\t\t\t\t                                <span class=\"see-more\">\n                                3D TASARIMLAR, \u0130N\u015eAAT TAAHH\u00dcT PROJELER\u0130\t\t\t\t\t\t\t\t<\/span>\n                                \t\t\t\t\t\t\t<\/div>\n\t\t\t\t\t\t<\/div>\n\t\t\t\t\t\t<!-- \/project-description -->\n\t\t\t\t\t<\/a>\n\t\t\t\t<\/div>\n\t\t\t\t<!-- \/item -->\n\t\t\t\t\t                 \n                \n                \n\t\t\t\t<div class=\"project-item  3d-tasarimlar konsept-tasarim-ve-uygulama-projeleri insaat-taahhut-projeleri\">\n\t\t\t\t\t<a href=\"https:\/\/hattasarim.com\/index.php\/sh_projects\/camlibelde-villa\/\" class=\"project-thumbnail click-fade\" style=\"background-image: url('https:\/\/hattasarim.com\/wp-content\/uploads\/2021\/11\/82.jpg');\">\n\t\t\t\t\t\t<!-- project-description -->\n\t\t\t\t\t\t<div class=\"project-description-wrapper\">\n\t\t\t\t\t\t\t<div class=\"project-description\">\n\t\t\t\t\t\t\t\t<!-- project name -->\n\t\t\t\t\t\t\t\t<h2 class=\"project-title\"><b>\u00c7AMLIBELDE \u0130K\u0130Z V\u0130LLA<\/b><\/h2>\n\t\t\t\t\t\t\t\t<!-- \/project name -->\n\t\t\t\t\t\t\t\t                                <span class=\"see-more\">\n                                3D TASARIMLAR, ANAHTAR TESL\u0130M KONUT PROJELER\u0130\t\t\t\t\t\t\t\t<\/span>\n                                \t\t\t\t\t\t\t<\/div>\n\t\t\t\t\t\t<\/div>\n\t\t\t\t\t\t<!-- \/project-description -->\n\t\t\t\t\t<\/a>\n\t\t\t\t<\/div>\n\t\t\t\t<!-- \/item -->\n\t\t\t\t\t                 \n                \n                \n\t\t\t\t<div class=\"project-item  3d-tasarimlar\">\n\t\t\t\t\t<a href=\"https:\/\/hattasarim.com\/index.php\/sh_projects\/3d\/\" class=\"project-thumbnail click-fade\" style=\"background-image: url('https:\/\/hattasarim.com\/wp-content\/uploads\/2015\/09\/21.jpg');\">\n\t\t\t\t\t\t<!-- project-description -->\n\t\t\t\t\t\t<div class=\"project-description-wrapper\">\n\t\t\t\t\t\t\t<div class=\"project-description\">\n\t\t\t\t\t\t\t\t<!-- project name -->\n\t\t\t\t\t\t\t\t<h2 class=\"project-title\"><b>3D KONSEPT TASARIMLAR <\/b><\/h2>\n\t\t\t\t\t\t\t\t<!-- \/project name -->\n\t\t\t\t\t\t\t\t                                <span class=\"see-more\">\n                                3D TASARIMLAR\t\t\t\t\t\t\t\t<\/span>\n                                \t\t\t\t\t\t\t<\/div>\n\t\t\t\t\t\t<\/div>\n\t\t\t\t\t\t<!-- \/project-description -->\n\t\t\t\t\t<\/a>\n\t\t\t\t<\/div>\n\t\t\t\t<!-- \/item -->\n\t\t\t\t\t                 \n                \n                \n\t\t\t\t<div class=\"project-item  konsept-tasarim-ve-uygulama-projeleri insaat-taahhut-projeleri\">\n\t\t\t\t\t<a href=\"https:\/\/hattasarim.com\/index.php\/sh_projects\/hillside-library\/\" class=\"project-thumbnail click-fade\" style=\"background-image: url('https:\/\/hattasarim.com\/wp-content\/uploads\/2015\/07\/volkan-sonras\u0131.jpg');\">\n\t\t\t\t\t\t<!-- project-description -->\n\t\t\t\t\t\t<div class=\"project-description-wrapper\">\n\t\t\t\t\t\t\t<div class=\"project-description\">\n\t\t\t\t\t\t\t\t<!-- project name -->\n\t\t\t\t\t\t\t\t<h2 class=\"project-title\"><b>ACARKENT V\u0130LLA PROJES\u0130<\/b><\/h2>\n\t\t\t\t\t\t\t\t<!-- \/project name -->\n\t\t\t\t\t\t\t\t                                <span class=\"see-more\">\n                                ANAHTAR TESL\u0130M KONUT PROJELER\u0130, \u0130N\u015eAAT TAAHH\u00dcT PROJELER\u0130\t\t\t\t\t\t\t\t<\/span>\n                                \t\t\t\t\t\t\t<\/div>\n\t\t\t\t\t\t<\/div>\n\t\t\t\t\t\t<!-- \/project-description -->\n\t\t\t\t\t<\/a>\n\t\t\t\t<\/div>\n\t\t\t\t<!-- \/item -->\n\t\t\t\t\t                 \n                \n                \n\t\t\t\t<div class=\"project-item  insaat-taahhut-projeleri ticari-mekan-projeleri\">\n\t\t\t\t\t<a href=\"https:\/\/hattasarim.com\/index.php\/sh_projects\/birdnest-center\/\" class=\"project-thumbnail click-fade\" style=\"background-image: url('https:\/\/hattasarim.com\/wp-content\/uploads\/2015\/07\/IMG_2410.jpg');\">\n\t\t\t\t\t\t<!-- project-description -->\n\t\t\t\t\t\t<div class=\"project-description-wrapper\">\n\t\t\t\t\t\t\t<div class=\"project-description\">\n\t\t\t\t\t\t\t\t<!-- project name -->\n\t\t\t\t\t\t\t\t<h2 class=\"project-title\"><b>EMLAK KONUT KAYA\u015eEH\u0130R SPOR SALONU<\/b><\/h2>\n\t\t\t\t\t\t\t\t<!-- \/project name -->\n\t\t\t\t\t\t\t\t                                <span class=\"see-more\">\n                                \u0130N\u015eAAT TAAHH\u00dcT PROJELER\u0130, T\u0130CAR\u0130 MEKAN PROJELER\u0130\t\t\t\t\t\t\t\t<\/span>\n                                \t\t\t\t\t\t\t<\/div>\n\t\t\t\t\t\t<\/div>\n\t\t\t\t\t\t<!-- \/project-description -->\n\t\t\t\t\t<\/a>\n\t\t\t\t<\/div>\n\t\t\t\t<!-- \/item -->\n\t\t\t\t\t \t\t\t<\/div>\n\t\t\t<!-- \/projects list -->\t\t\n\t\t<\/div>\n\t<\/div>\t\n\t<!-- \/Section: Projects -->\n\n\t<\/div>\n\n\t<div class=\"clearfix\"><\/div>\n\t<\/section>\n\t\n\n","protected":false},"excerpt":{"rendered":"","protected":false},"author":1,"featured_media":0,"parent":0,"menu_order":0,"comment_status":"open","ping_status":"closed","template":"","meta":[],"_links":{"self":[{"href":"https:\/\/hattasarim.com\/index.php\/wp-json\/wp\/v2\/pages\/47"}],"collection":[{"href":"https:\/\/hattasarim.com\/index.php\/wp-json\/wp\/v2\/pages"}],"about":[{"href":"https:\/\/hattasarim.com\/index.php\/wp-json\/wp\/v2\/types\/page"}],"author":[{"embeddable":true,"href":"https:\/\/hattasarim.com\/index.php\/wp-json\/wp\/v2\/users\/1"}],"replies":[{"embeddable":true,"href":"https:\/\/hattasarim.com\/index.php\/wp-json\/wp\/v2\/comments?post=47"}],"version-history":[{"count":4,"href":"https:\/\/hattasarim.com\/index.php\/wp-json\/wp\/v2\/pages\/47\/revisions"}],"predecessor-version":[{"id":398,"href":"https:\/\/hattasarim.com\/index.php\/wp-json\/wp\/v2\/pages\/47\/revisions\/398"}],"wp:attachment":[{"href":"https:\/\/hattasarim.com\/index.php\/wp-json\/wp\/v2\/media?parent=47"}],"curies":[{"name":"wp","href":"https:\/\/api.w.org\/{rel}","templated":true}]}}